{"id":3247,"date":"2017-06-10T16:17:39","date_gmt":"2017-06-10T16:17:39","guid":{"rendered":"http:\/\/www.livingmachinesconference.eu\/2018\/?page_id=3247"},"modified":"2018-07-17T10:36:44","modified_gmt":"2018-07-17T09:36:44","slug":"accepted-papers","status":"publish","type":"page","link":"https:\/\/www.livingmachinesconference.eu\/2018\/about\/accepted-papers\/","title":{"rendered":"ACCEPTED PAPERS"},"content":{"rendered":"<div id=\"pl-3247\"  class=\"panel-layout\" ><div id=\"pg-3247-0\"  class=\"panel-grid panel-no-style\" ><div id=\"pgc-3247-0-0\"  class=\"panel-grid-cell\" ><div id=\"panel-3247-0-0-0\" class=\"so-panel widget widget_sow-editor panel-first-child\" data-index=\"0\" ><div\n\t\t\t\n\t\t\tclass=\"so-widget-sow-editor so-widget-sow-editor-base\"\n\t\t\t\n\t\t>\n<div class=\"siteorigin-widget-tinymce textwidget\">\n\t<p>All accepted papers and extended abstracts will appear in\u00a0the Living Machines 2018 proceedings which we expect to be published in the\u00a0<a href=\"http:\/\/www.springer.com\/series\/1244\">Springer-Verlag LNAI Series<\/a>. \u00a0<a href=\"http:\/\/www.livingmachinesconference.eu\/2018\/wp-content\/uploads\/2017\/01\/Springer_Logo.jpg\"><img loading=\"lazy\" class=\"alignnone wp-image-2978\" src=\"http:\/\/www.livingmachinesconference.eu\/2018\/wp-content\/uploads\/2017\/01\/Springer_Logo-300x82.jpg\" alt=\"\" width=\"126\" height=\"31\" \/><\/a><\/p>\n<p><span style=\"font-size: 18px;\">Authors of the best full papers will be invited to submit\u00a0extended versions of their paper for publication in a special issue of the\u00a0<a href=\"http:\/\/iopscience.iop.org\/journal\/1748-3190\">Bioinspiration and Biomimetics.<\/a>\u00a0see here previous Living Machines\u00a0articles\u00a0in<a href=\"http:\/\/iopscience.iop.org\/1748-3190\/focus\/Special%7Bdcc948f0fa3da0cf935c41b347d1dd8da9734b14cf7c8d73bd4fc733015f84bf%7D20issue%7Bdcc948f0fa3da0cf935c41b347d1dd8da9734b14cf7c8d73bd4fc733015f84bf%7D20of%7Bdcc948f0fa3da0cf935c41b347d1dd8da9734b14cf7c8d73bd4fc733015f84bf%7D20selected%7Bdcc948f0fa3da0cf935c41b347d1dd8da9734b14cf7c8d73bd4fc733015f84bf%7D20papers%7Bdcc948f0fa3da0cf935c41b347d1dd8da9734b14cf7c8d73bd4fc733015f84bf%7D20from%7Bdcc948f0fa3da0cf935c41b347d1dd8da9734b14cf7c8d73bd4fc733015f84bf%7D20Living%7Bdcc948f0fa3da0cf935c41b347d1dd8da9734b14cf7c8d73bd4fc733015f84bf%7D20Machines%7Bdcc948f0fa3da0cf935c41b347d1dd8da9734b14cf7c8d73bd4fc733015f84bf%7D202014\">\u00a0<\/a><a href=\"http:\/\/iopscience.iop.org\/1748-3190\/focus\/Special%7Bdcc948f0fa3da0cf935c41b347d1dd8da9734b14cf7c8d73bd4fc733015f84bf%7D20issue%7Bdcc948f0fa3da0cf935c41b347d1dd8da9734b14cf7c8d73bd4fc733015f84bf%7D20of%7Bdcc948f0fa3da0cf935c41b347d1dd8da9734b14cf7c8d73bd4fc733015f84bf%7D20selected%7Bdcc948f0fa3da0cf935c41b347d1dd8da9734b14cf7c8d73bd4fc733015f84bf%7D20papers%7Bdcc948f0fa3da0cf935c41b347d1dd8da9734b14cf7c8d73bd4fc733015f84bf%7D20from%7Bdcc948f0fa3da0cf935c41b347d1dd8da9734b14cf7c8d73bd4fc733015f84bf%7D20Living%7Bdcc948f0fa3da0cf935c41b347d1dd8da9734b14cf7c8d73bd4fc733015f84bf%7D20Machines%7Bdcc948f0fa3da0cf935c41b347d1dd8da9734b14cf7c8d73bd4fc733015f84bf%7D202014\">B&amp;B special issue<\/a><\/span><\/p>\n<p><span style=\"font-size: 18px;\">Authors of the best extended abstracts will be invited to submit\u00a0a full version of their paper for publication in a special issue of <a href=\"http:\/\/www.mdpi.com\/journal\/biomimetics\/special_issues\/LM_2018\">Biomimetics<\/a>.\u00a0<\/span><\/p>\n<\/div>\n<\/div><\/div><div id=\"panel-3247-0-0-1\" class=\"so-panel widget widget_sow-editor panel-last-child\" data-index=\"1\" ><div\n\t\t\t\n\t\t\tclass=\"so-widget-sow-editor so-widget-sow-editor-base\"\n\t\t\t\n\t\t>\n<div class=\"siteorigin-widget-tinymce textwidget\">\n\t<h3 style=\"text-align: center;\">The Living Machies2018 papers can be downloaded at \"<strong>Biomimetic and Biohybrid<\/strong> Systems\"\u00a0<\/h3>\n<h4 style=\"text-align: center;\"><strong><a href=\"https:\/\/link.springer.com\/book\/10.1007\/978-3-319-95972-6\">https:\/\/link.springer.com\/book\/10.1007\/978-3-319-95972-6<\/a><\/strong><\/h4>\n<p>\u00a0<\/p>\n<p>\u00a0<\/p>\n<h2><strong><span style=\"color: #e0512d;\">ORAL PRESENTATIONS<\/span><\/strong><\/h2>\n<p>\u00a0<\/p>\n<p><span style=\"font-size: 18px;\"><strong><span style=\"color: #e0512d;\">1. <\/span>Direction-specific Footpaths can be Predicted by the Motion of a Single Point on the Body of the Fruit Fly Drosophila melanogaster.<\/strong><\/span><br \/> <span style=\"font-size: 18px;\"><em>Nicholas Szczecinski, Ansgar B\u00fcschges, Till Bockem\u00fchl<\/em><\/span><\/p>\n<p><span style=\"font-size: 18px;\"><strong><span style=\"color: #e0512d;\">2.<\/span> Insect-Inspired Elementary Motion Detection Embracing Resistive Memory and Spiking Neural Networks.<\/strong><\/span><br \/> <em><span style=\"font-size: 18px;\">Thomas Dalgaty, Elisa Vianello, Denys Ly, Giacomo Indiveri, Barbara De Salvo, Etienne Nowak, Jerome Casas<\/span><\/em><\/p>\n<p><span style=\"font-size: 18px;\"><strong><span style=\"color: #e0512d;\">3.<\/span> How to Blend a Robot within a Group of Zebrafish: Achieving Social Acceptance through Real-time Calibration of a Multi-level Behavioural Model.<\/strong> <\/span><br \/> <em><span style=\"font-size: 18px;\">Leo Cazenille, Yohann Chemtob, Frank Bonnet, Alexey Gribovskiy, Francesco Mondada, Nicolas Bredeche, Jos\u00e9 Halloy<\/span><\/em><\/p>\n<p><strong><span style=\"font-size: 18px;\"><span style=\"color: #e0512d;\">4.<\/span> Object localisation with a highly compliant tactile sensory probe via distributed strain sensors.<\/span><\/strong><br \/> <em><span style=\"font-size: 18px;\">Marco Schultz, Volker D\u00fcrr<\/span><\/em><\/p>\n<p><span style=\"font-size: 18px;\"><strong><span style=\"color: #e0512d;\">5.<\/span> Artificial system inspired by climbing mechanism of Galium aparine fabricated via 3D Laser Lithography.<\/strong> <\/span><br \/> <em><span style=\"font-size: 18px;\">Isabella Fiorello, Anand Kumar Mishra, Omar Tricinci, Francesca Tramacere, Carlo Filippeschi, Barbara Mazzolai<\/span><\/em><\/p>\n<p><span style=\"font-size: 18px;\"><strong><span style=\"color: #e0512d;\">6.<\/span> An Analysis of a Ring Attractor Model for Cue Integration.<\/strong><\/span><br \/> <em><span style=\"font-size: 18px;\">Xuelong Sun, Micheal Mangan, Shigang Yue<\/span><\/em><\/p>\n<p><strong><span style=\"font-size: 18px;\"><span style=\"color: #e0512d;\">7.<\/span> Active collision free closed-loop control of a biohybrid fly-robot interface.<\/span><\/strong><br \/> <em><span style=\"font-size: 18px;\">Jiaqi Huang, Yiran Wei, Holger G Krapp<\/span><\/em><\/p>\n<p><span style=\"font-size: 18px;\"><strong><span style=\"color: #e0512d;\">8.<\/span> Distributed Sensing for Soft Worm Robot Reduces Slip for Locomotion in Confined Environments.<\/strong><\/span><br \/> <em><span style=\"font-size: 18px;\">Akhil Kandhari, Matthew Stover, Prithvi Jayachandran, Alexander Rollins, Kathryn Daltorio, Hillel Chiel, Roger Quinn<\/span><\/em><\/p>\n<p><span style=\"font-size: 18px;\"><strong><span style=\"color: #e0512d;\">9.<\/span> Aquatic Swimming of a Multi-functional Pedundulatory Bio-Robotic Locomotor.<\/strong><\/span><br \/> <em><span style=\"font-size: 18px;\">Dimitris Tsakiris, Theodoros Evdaimon, Manos Papadakis<\/span><\/em><\/p>\n<p><strong><span style=\"font-size: 18px;\"><span style=\"color: #e0512d;\">10.<\/span> <\/span><\/strong><strong><span style=\"font-size: 18px;\">Guided Growth of Bacterial Cellulose Biofilms.<br \/> <\/span><\/strong><span style=\"font-size: 18px;\"><em>Katia Zolotovsky, Merav Gazit, Christine Ortiz<\/em><\/span><\/p>\n<p><span style=\"font-size: 18px;\"><strong><span style=\"color: #e0512d;\">11.<\/span> Neuromechanical Model of Rat Hind Limb Walking with <\/strong>Two Layer<strong> CPGs and Muscle Synergies.<\/strong> <\/span><br \/> <em><span style=\"font-size: 18px;\">Kaiyu Deng, Nicholas Szczecinski, Dirk Arnold, Emanuel Andrada, Martin Fischer, Roger Quinn, Alexander Hunt<\/span><\/em><\/p>\n<p><span style=\"font-size: 18px;\"><strong><span style=\"color: #e0512d;\">12.<\/span> AntBot, a hexapod walking robot mimicking navigation strategies of desert ants Cataglyphi.<\/strong> <\/span><br \/> <em><span style=\"font-size: 18px;\">Julien Dupeyroux, Julien Serres, St\u00e9phane Viollet<\/span><\/em><\/p>\n<p><span style=\"font-size: 18px;\"><strong><span style=\"color: #e0512d;\">13.<\/span> A Neuromechanical Rat Model with a Complete Set of Hind Limb Muscles.<\/strong> <\/span><br \/> <em><span style=\"font-size: 18px;\">Fletcher Young, Alexander Hunt, Roger Quinn<\/span><\/em><\/p>\n<p><span style=\"font-size: 18px;\"><strong><span style=\"color: #e0512d;\">14.<\/span> Development and Characterization of a Novel Biomimetic Peristaltic Pumping System with Flexible Silicone-based Soft Robotic Ring Actuators.<\/strong><\/span><br \/> <em><span style=\"font-size: 18px;\">Falk Esser, Friederike Kr\u00fcger, Tom Masselter, Thomas Speck<\/span><\/em><\/p>\n<p><span style=\"font-size: 18px;\"><strong><span style=\"color: #e0512d;\">15.<\/span> Whisker-RatSLAM applied to 6D object identification and spatial localisation.<\/strong><\/span><br \/> <em><span style=\"font-size: 18px;\">Mohammed Salman, Martin Pearson<\/span><\/em><\/p>\n<p><span style=\"font-size: 18px;\"><strong><span style=\"color: #e0512d;\">16.<\/span> Investigation of tip extrusion as an additive manufacturing strategy for growing robots.<\/strong> <\/span><br \/> <em><span style=\"font-size: 18px;\">Dario Lunni, Emanuela Del Dottore, Ali Sadeghi, Matteo Cianchetti, Edoardo Sinibaldi, Barbara Mazzolai<\/span><\/em><\/p>\n<p><span style=\"font-size: 18px;\"><strong><span style=\"color: #e0512d;\">17.<\/span> Emulating Balance Control Observed in Human Test Subjects with a Neural Network.<\/strong> <\/span><br \/> <em><span style=\"font-size: 18px;\">Wade Hilts, Nicholas Szczecinski, Alexander Hunt, Roger Quinn<\/span><\/em><\/p>\n<p><span style=\"font-size: 18px;\"><strong><span style=\"color: #e0512d;\">18.<\/span> Toward Computing with Spider Web: Computational Setup Realization.<\/strong><\/span><br \/> <em><span style=\"font-size: 18px;\">Seyedmohammadhadi Sadati, Thomas Williams, Beth Mortimer, Ludovic Renson, Alan Quille, Fritz vollrath, Helmut Hauser<\/span><\/em><\/p>\n<p><span style=\"font-size: 18px;\"><strong><span style=\"color: #e0512d;\">19.<\/span> Active Touch with a Biomimetic 3D-printed Whiskered Robot.<\/strong>&lt;<br \/> <em><span style=\"font-size: 18px;\">Nathan Lepora, Niels Burnus, Yilin Tao, Luke Cramphorn<\/span><\/em><\/span><\/p>\n<p><span style=\"font-size: 18px;\"><strong><span style=\"color: #e0512d;\">20.<\/span> Implementation of Deep Deterministic Policy Gradients for Controlling Dynamic Bipedal Walking<\/strong>\u00a0.<\/span><br \/> <em><span style=\"font-size: 18px;\">Chujun Liu, Andrew Lonsberry, Mark Nandor, Roger Quinn<\/span><\/em><\/p>\n<p><span style=\"font-size: 18px;\"><strong><span style=\"color: #e0512d;\">21.<\/span> Moment Arm Analysis of the Biarticular Actuators in Compliant Robotic Leg CARL<\/strong>\u00a0.<\/span><br \/> <em><span style=\"font-size: 18px;\">Atabak Nezhadfard, Steffen Sch\u00fctz, Patrick Vonwirth, Krzysztof Mianowski, Berns Karsten<\/span><\/em><\/p>\n<p><span style=\"font-size: 18px;\"><strong><span style=\"color: #e0512d;\">22.<\/span> Insect behavioral evidence of spatial memories during environmental reconfiguration.<\/strong><\/span><br \/> <em><span style=\"font-size: 18px;\">Diogo Pata, Alex Escuredo, Paul Verschure, Zenon Mathews<\/span><\/em><\/p>\n<p><span style=\"font-size: 18px;\"><strong><span style=\"color: #e0512d;\">23.<\/span> Prioritized Sweeping Neural DynaQ with Multiple Predecessors, and Hippocampal Replays.<\/strong><\/span><br \/> <em>Lise Aubin, Mehdi Khamassi, Beno\u00eet Girard<\/em><\/p>\n<p>\u00a0<\/p>\n<h2><strong><span style=\"color: #e0512d;\">POSTER PRESENTATIONS<\/span><\/strong><\/h2>\n<p>\u00a0<\/p>\n<p><span style=\"font-size: 18px;\"><strong><span style=\"color: #e0512d;\">1.<\/span> Slip Detection on Natural Objects With a Biomimetic Tactile Sensor.<\/strong><\/span><br \/> <em><span style=\"font-size: 18px;\">Jasper James, Nathan Lepora<\/span><\/em><\/p>\n<p><span style=\"font-size: 18px;\"><strong><span style=\"color: #e0512d;\">2.<\/span> Texture perception with a biomimetic optical tactile sensor (the TacTip).<\/strong><\/span><br \/> <em><span style=\"font-size: 18px;\">Nicholas Pestell, Nathan Lepora<\/span><\/em><\/p>\n<p><span style=\"font-size: 18px;\"><strong><span style=\"color: #e0512d;\">3.<\/span> Snake-like Robot That Can Generate Versatile Gait Patterns by Using Tegotae-based Control.<\/strong> <\/span><br \/> <em><span style=\"font-size: 18px;\">Takeshi Kano, Ryo Yoshizawa, Akio Ishiguro<\/span><\/em><\/p>\n<p><span style=\"font-size: 18px;\"><strong><span style=\"color: #e0512d;\">4.<\/span> Undulatory Swimming Locomotion Driven by CPG with Multimodal Local Sensory Feedback.<\/strong> <\/span><br \/> <em><span style=\"font-size: 18px;\">Kyoichi Akiyama, Kotaro Yasui, Jonathan Arreguit, Laura Paez, Kamilo Melo, Takeshi Kano, Auke Ijspeert, Akio Ishiguro<\/span><\/em><\/p>\n<p><span style=\"font-size: 18px;\"><strong><span style=\"color: #e0512d;\">5.<\/span> Platform Selection of a Manta-inspired Robot for Mitigating Near-Shore Harmful Algal Blooms.<\/strong><\/span><br \/> <em><span style=\"font-size: 18px;\">Lauren Marshall, Adam Schroeder, Brian Trease<\/span><\/em><\/p>\n<p><span style=\"font-size: 18px;\"><strong><span style=\"color: #e0512d;\">6.<\/span> A Nitinol-Actuated Worm Robot Bends for Turning and Climbing Obstacles.<\/strong><\/span><br \/> <em><span style=\"font-size: 18px;\">Kayla Andersen, Akhil Kandhari, Hillel Chiel, Roger Quinn, Kathryn Daltorio<\/span><\/em><\/p>\n<p><span style=\"font-size: 18px;\"><strong><span style=\"color: #e0512d;\">7.<\/span> A Novel Spatially Resolved 3D Force Sensor for Animal Biomechanics and Robotic Grasping Hands.<\/strong><\/span><br \/> <em><span style=\"font-size: 18px;\">Severine Toussaint, Artemis Llamosi<\/span><\/em><\/p>\n<p><strong><span style=\"font-size: 18px;\"><span style=\"color: #e0512d;\">8.<\/span> How the Sandfish Lizard Filters Particles and What We May Learn from It.\u00a0<\/span><\/strong><br \/> <em><span style=\"font-size: 18px;\">Anna Theresia Stadler, Michael Krieger, Werner Baumgartner<\/span><\/em><\/p>\n<p><strong><span style=\"font-size: 18px;\"><span style=\"color: #e0512d;\">9.<\/span> The Impact of <\/span><\/strong><strong><span style=\"font-size: 18px;\">Nature Inspired algorithms on Biomimetic approach in Architectural and Urban Design.<\/span><\/strong><br \/> <em><span style=\"font-size: 18px;\">Natasha Chayaamor-Heil<\/span><\/em><\/p>\n<p><span style=\"font-size: 18px;\"><strong><span style=\"color: #e0512d;\">10.<\/span> A survival task for the design and the assessment of an autonomous agent.<\/strong><\/span><br \/> <em><span style=\"font-size: 18px;\">Bhargav Teja Nallapu, Frederic Alexandre<\/span><\/em><\/p>\n<p><strong><span style=\"font-size: 18px;\"><span style=\"color: #e0512d;\">11.<\/span> Spiders\u2019 Ballooning Flight as a Model for the Exploration of Hazardous Atmospheric Weather Conditions.\u00a0<\/span><\/strong><br \/> <span style=\"font-size: 18px;\"><em>Moonsung Cho, Klaus Affeld, Peter Neubauer, Ingo Rechenb<\/em>erg<\/span><\/p>\n<p><span style=\"font-size: 18px;\"><strong><span style=\"color: #e0512d;\">12.<\/span> Understanding interstate competitiveness and international security in European dual-use research.<\/strong> <\/span><br \/> <em><span style=\"font-size: 18px;\">Saheli Datta Burton, Christine Aicardi, Mahfoud Tara, Nikolas Rose<\/span><\/em><\/p>\n<p><span style=\"font-size: 18px;\"><strong><span style=\"color: #e0512d;\">13.<\/span> Living in a Machine: Experiencing the world through a robotic avatar.<\/strong><\/span><br \/> <em><span style=\"font-size: 18px;\">Daniel Camilleri, Tony Prescott<\/span><\/em><\/p>\n<p><span style=\"font-size: 18px;\"><span style=\"color: #e0512d;\"><strong>14.<\/strong> <\/span><strong>Should mobile robots have a head ? -A rationale based on behavior, automatic control and signal processing.<\/strong><\/span><br \/> <em><span style=\"font-size: 18px;\">Fran\u00e7ois Bailly, Emmanuelle Pouydebat, Bruno <\/span><\/em>Watier<em><span style=\"font-size: 18px;\">, Vincent Bels, Philippe Sou\u00e8res<\/span><\/em><\/p>\n<p><span style=\"font-size: 18px;\"><strong><span style=\"color: #e0512d;\">15.<\/span> Estimating body pitch from distributed proprioception in a hexapod.<\/strong> <\/span><br \/> <em><span style=\"font-size: 18px;\">Arne Gollin, Volker D\u00fcrr<\/span><\/em><\/p>\n<p><strong><span style=\"font-size: 18px;\"><span style=\"color: #e0512d;\">16.<\/span> Evolutionary optimisation of neural network models for collective behaviours in mixed groups of robots and zebrafish<br \/> <\/span><\/strong><span style=\"font-size: 18px;\"><em>Leo Cazenille, Nicolas Bredeche, Jos\u00e9 Halloy<\/em><\/span><\/p>\n<p><strong><span style=\"font-size: 18px;\"><span style=\"color: #e0512d;\">17.<\/span> Braided Pneumatic Actuators as a Variable Stiffness Approximation of Synovial Joints.<\/span><\/strong><br \/> <em><span style=\"font-size: 18px;\">Alexander Steele, Alexander Hunt<\/span><\/em><\/p>\n<p><span style=\"font-size: 18px;\"><strong><span style=\"color: #e0512d;\">18.<\/span> An Adaptive Frequency Central Pattern Generator For Synthetic Nervous Systems.<\/strong><\/span><br \/> <em><span style=\"font-size: 18px;\">William Nourse, Roger Quinn, Nicholas Szczecinski<\/span><\/em><\/p>\n<p><span style=\"font-size: 18px;\"><strong><span style=\"color: #e0512d;\">19.<\/span> Challenges of Machine Learning for Living Machines.<\/strong><\/span><br \/> <em><span style=\"font-size: 18px;\">Jordi-<\/span><\/em>Ysard<em><span style=\"font-size: 18px;\"> Puigb\u00f2 Llobet, Xerxes Arsiwalla, Paul Verschure<\/span><\/em><\/p>\n<p><span style=\"font-size: 18px;\"><strong><span style=\"color: #e0512d;\">20.<\/span> Modeling the Opponent\u2019s Action using Control-Based Reinforcement Learning<\/strong> <\/span><br \/> <em><span style=\"font-size: 18px;\">Ismael Tito Freire Gonz\u00e1lez, Jordi-<\/span><\/em>Ysard<em><span style=\"font-size: 18px;\"> Puigb\u00f2 Llobet, Xerxes Arsiwalla, Paul Verschure<\/span><\/em><\/p>\n<p><strong><span style=\"font-size: 18px;\"><span style=\"color: #e0512d;\">21.<\/span> 3D<\/span><\/strong><span style=\"font-size: 18px;\"><strong>\u00a0bioprinted muscle-based bio-actuators: force adaptability due to training.<\/strong> <\/span><br \/> <em><span style=\"font-size: 18px;\">Rafael Mestre, Tania Pati\u00f1o, Xavier Barcel\u00f3, Samuel S\u00e1nchez<\/span><\/em><\/p>\n<p><span style=\"font-size: 18px;\"><strong><span style=\"color: #e0512d;\">22.<\/span> Evolutionary Robot Swarm Cooperative Retrieval.<\/strong><\/span><br \/> <em><span style=\"font-size: 18px;\">Neil Vaughan<\/span><\/em><\/p>\n<p><span style=\"font-size: 18px;\"><strong><span style=\"color: #e0512d;\">23.<\/span> Simulating Flapping Wing Mechanisms Inspired by the Manduca sexta Hawkmoth.<\/strong> <\/span><br \/> <em><span style=\"font-size: 18px;\">Kenneth Moses, David Prigg, Matthias Weisfeld, Richard Bachmann, Mark Willis, Roger Quinn<\/span><\/em><\/p>\n<p><span style=\"font-size: 18px;\"><strong><span style=\"color: #e0512d;\">24.<\/span> Evolution of Neural Networks for Physically Simulated Evolved Virtual Quadroped Creatures.<\/strong><\/span><br \/> <em><span style=\"font-size: 18px;\">Neil Vaughan<\/span><\/em><\/p>\n<p><span style=\"font-size: 18px;\"><strong><span style=\"color: #e0512d;\">25.<\/span> Artificial compound eye and synthetic neural system for motion recognition.<\/strong><\/span><br \/> <em><span style=\"font-size: 18px;\">Drago Bracun, Nicholas Szczecinski, Ga\u0161per \u0160kulj, Alexander Hunt, Roger Quinn<\/span><\/em><\/p>\n<p><span style=\"font-size: 18px;\"><strong><span style=\"color: #e0512d;\">26.<\/span> Simulation of the Arthropod Central Complex: Moving Towards Bioinspired Robotic Navigation Control.<\/strong><\/span><br \/> <em><span style=\"font-size: 18px;\">Shanel Pickard, Roger Quinn, Nicholas Szczecinski<\/span><\/em><\/p>\n<p><strong><span style=\"font-size: 18px;\"><span style=\"color: #e0512d;\">27.<\/span> Observation of Calcium Wave on Physical Stimulus for Realizing Cell Tactile Sensor.<\/span><\/strong><br \/> <em><span style=\"font-size: 18px;\">Hiroki Kawashima, Umakshi Sajnani, Masahiro Shimizu,\u00a0Koh Hosoda<\/span><\/em><\/p>\n<p><strong><span style=\"font-size: 18px;\"><span style=\"color: #e0512d;\">28.<\/span> A system to provide oculomotor functions to the user to control direction of gaze and optical zoom for both eyes independently. <\/span><\/strong><br \/> <em><span style=\"font-size: 18px;\">Fumio Mizuno, Tomoaki Hayasaka, Takami Yamaguchi<\/span><\/em><\/p>\n<p><strong><span style=\"font-size: 18px;\"><span style=\"color: #e0512d;\">29.<\/span> Quad-Morphing : Towards a new bio-inspired autonomous platform for obstacle avoidance at high speed.<\/span><\/strong><br \/> <em><span style=\"font-size: 18px;\">Valentin Riviere, Augustin <\/span>Manecy<span style=\"font-size: 18px;\">, St\u00e9phane Viollet<\/span><\/em><\/p>\n<p><span style=\"font-size: 18px;\"><strong><span style=\"color: #e0512d;\">30.<\/span> Hide and Seek: Knowledge Search in Biomimicry.<\/strong><\/span><br \/> <em><span style=\"font-size: 18px;\">Kim Sun-Joong<\/span><\/em><\/p>\n<p><span style=\"font-size: 18px;\"><strong><span style=\"color: #e0512d;\">31.<\/span> Cognitive architectures on discourse.<\/strong><\/span><br \/> <em><span style=\"font-size: 18px;\">Mauricio Iza<\/span><\/em><\/p>\n<p><strong><span style=\"font-size: 18px;\"><span style=\"color: #e0512d;\">32.<\/span> Weak DC Motors Generate Earthworm Locomotion without a Brain.<\/span><\/strong><br \/> <em><span style=\"font-size: 18px;\">Yoichi Masuda, Masato Ishikawa, Akio Ishiguro<\/span><\/em><\/p>\n<p><strong><span style=\"font-size: 18px;\"><span style=\"color: #e0512d;\">33.<\/span> The Neck of Pinobo, a Low-cost Compliant Robot.<\/span><\/strong><br \/> <em><span style=\"font-size: 18px;\">Arnaud Blanchard, Djamel Mebarki<\/span><\/em><\/p>\n<p><span style=\"font-size: 18px;\"><strong><span style=\"color: #e0512d;\">34.<\/span> Neural network for search and retrieval.<\/strong> <\/span><br \/> <span style=\"font-size: 18px;\">Neil Vaughan<\/span><\/p>\n<p><span style=\"font-size: 18px;\"><strong><span style=\"color: #e0512d;\">35.<\/span> Are Brains Computers, Emulators or Simulators?<\/strong> <\/span><br \/> <em><span style=\"font-size: 18px;\">Xerxes Arsiwalla, Camilo M. Signorelli, Jordi-Ysard Puigb\u00f2 Llobet, Ismael Tito Freire Gonz\u00e1lez, Paul Verschure<\/span><\/em><\/p>\n<\/div>\n<\/div><\/div><\/div><\/div><\/div>","protected":false},"excerpt":{"rendered":"<p>All accepted papers and extended abstracts will appear in\u00a0the Living Machines 2018 proceedings which we expect to be published in the\u00a0Springer-Verlag LNAI Series. \u00a0Authors of the best full papers will be invited to submit\u00a0extended versions of their paper for publication in a special issue of the\u00a0Bioinspiration and Biomimetics.\u00a0see here previous Living Machines\u00a0articles\u00a0in\u00a0B&amp;B special issueAuthors of&#8230;<\/p>\n","protected":false},"author":2,"featured_media":0,"parent":2763,"menu_order":0,"comment_status":"closed","ping_status":"closed","template":"","meta":{"_monsterinsights_skip_tracking":false,"_monsterinsights_sitenote_active":false,"_monsterinsights_sitenote_note":"","_monsterinsights_sitenote_category":0},"_links":{"self":[{"href":"https:\/\/www.livingmachinesconference.eu\/2018\/wp-json\/wp\/v2\/pages\/3247"}],"collection":[{"href":"https:\/\/www.livingmachinesconference.eu\/2018\/wp-json\/wp\/v2\/pages"}],"about":[{"href":"https:\/\/www.livingmachinesconference.eu\/2018\/wp-json\/wp\/v2\/types\/page"}],"author":[{"embeddable":true,"href":"https:\/\/www.livingmachinesconference.eu\/2018\/wp-json\/wp\/v2\/users\/2"}],"replies":[{"embeddable":true,"href":"https:\/\/www.livingmachinesconference.eu\/2018\/wp-json\/wp\/v2\/comments?post=3247"}],"version-history":[{"count":52,"href":"https:\/\/www.livingmachinesconference.eu\/2018\/wp-json\/wp\/v2\/pages\/3247\/revisions"}],"predecessor-version":[{"id":4238,"href":"https:\/\/www.livingmachinesconference.eu\/2018\/wp-json\/wp\/v2\/pages\/3247\/revisions\/4238"}],"up":[{"embeddable":true,"href":"https:\/\/www.livingmachinesconference.eu\/2018\/wp-json\/wp\/v2\/pages\/2763"}],"wp:attachment":[{"href":"https:\/\/www.livingmachinesconference.eu\/2018\/wp-json\/wp\/v2\/media?parent=3247"}],"curies":[{"name":"wp","href":"https:\/\/api.w.org\/{rel}","templated":true}]}}