{"id":4303,"date":"2018-09-01T11:10:47","date_gmt":"2018-09-01T10:10:47","guid":{"rendered":"http:\/\/www.livingmachinesconference.eu\/2018\/?page_id=4303"},"modified":"2018-09-01T15:44:03","modified_gmt":"2018-09-01T14:44:03","slug":"awards","status":"publish","type":"page","link":"https:\/\/www.livingmachinesconference.eu\/2018\/awards\/","title":{"rendered":"AWARDS"},"content":{"rendered":"<div id=\"pl-4303\"  class=\"panel-layout\" ><div id=\"pg-4303-0\"  class=\"panel-grid panel-no-style\" ><div id=\"pgc-4303-0-0\"  class=\"panel-grid-cell\" ><div id=\"panel-4303-0-0-0\" class=\"so-panel widget widget_sow-editor panel-first-child\" data-index=\"0\" ><div\n\t\t\t\n\t\t\tclass=\"so-widget-sow-editor so-widget-sow-editor-base\"\n\t\t\t\n\t\t>\n<div class=\"siteorigin-widget-tinymce textwidget\">\n\t<h3 style=\"text-align: left;\"><span style=\"color: #e0512d;\"><a href=\"http:\/\/www.livingmachinesconference.eu\/2018\/wp-content\/uploads\/2018\/09\/LM2018-Awards-e1535806310240.jpg\"><img loading=\"lazy\" class=\"wp-image-4356 alignleft\" src=\"http:\/\/www.livingmachinesconference.eu\/2018\/wp-content\/uploads\/2018\/09\/LM2018-Awards-e1535806310240-300x252.jpg\" alt=\"\" width=\"400\" height=\"336\" srcset=\"https:\/\/www.livingmachinesconference.eu\/2018\/wp-content\/uploads\/2018\/09\/LM2018-Awards-e1535806310240-300x252.jpg 300w, https:\/\/www.livingmachinesconference.eu\/2018\/wp-content\/uploads\/2018\/09\/LM2018-Awards-e1535806310240-768x645.jpg 768w, https:\/\/www.livingmachinesconference.eu\/2018\/wp-content\/uploads\/2018\/09\/LM2018-Awards-e1535806310240-1024x860.jpg 1024w, https:\/\/www.livingmachinesconference.eu\/2018\/wp-content\/uploads\/2018\/09\/LM2018-Awards-e1535806310240.jpg 1497w\" sizes=\"(max-width: 400px) 100vw, 400px\" \/><\/a><\/span><span style=\"color: #e0512d;\">LM2018 Awards Winners for best <\/span><span style=\"color: #e0512d;\">Talk and best Poster<\/span><\/h3>\n<p>\u00a0<\/p>\n<p>Sponsored by<\/p>\n<p>\u00a0<img loading=\"lazy\" class=\"wp-image-2978 alignleft\" src=\"http:\/\/www.livingmachinesconference.eu\/2018\/wp-content\/uploads\/2017\/01\/Springer_Logo-300x82.jpg\" alt=\"\" width=\"93\" height=\"26\" srcset=\"https:\/\/www.livingmachinesconference.eu\/2018\/wp-content\/uploads\/2017\/01\/Springer_Logo-300x82.jpg 300w, https:\/\/www.livingmachinesconference.eu\/2018\/wp-content\/uploads\/2017\/01\/Springer_Logo.jpg 462w\" sizes=\"(max-width: 93px) 100vw, 93px\" \/><a href=\"http:\/\/www.livingmachinesconference.eu\/2018\/wp-content\/uploads\/2017\/04\/web-banner-2-J-BB-300x300-e1520925504736.png\"><img loading=\"lazy\" class=\"wp-image-3147 alignnone\" src=\"http:\/\/www.livingmachinesconference.eu\/2018\/wp-content\/uploads\/2017\/04\/web-banner-2-J-BB-300x300-e1520925504736-300x122.png\" alt=\"\" width=\"94\" height=\"38\" \/><\/a>\u00a0 \u00a0\u00a0<a href=\"http:\/\/www.livingmachinesconference.eu\/2018\/wp-content\/uploads\/2015\/12\/biomim_partnership-01.jpg\"><img loading=\"lazy\" class=\"alignnone  wp-image-3840\" src=\"http:\/\/www.livingmachinesconference.eu\/2018\/wp-content\/uploads\/2015\/12\/biomim_partnership-01-300x92.jpg\" alt=\"\" width=\"142\" height=\"44\" srcset=\"https:\/\/www.livingmachinesconference.eu\/2018\/wp-content\/uploads\/2015\/12\/biomim_partnership-01-300x92.jpg 300w, https:\/\/www.livingmachinesconference.eu\/2018\/wp-content\/uploads\/2015\/12\/biomim_partnership-01-768x235.jpg 768w, https:\/\/www.livingmachinesconference.eu\/2018\/wp-content\/uploads\/2015\/12\/biomim_partnership-01.jpg 955w\" sizes=\"(max-width: 142px) 100vw, 142px\" \/><\/a><\/p>\n<p>\u00a0<\/p>\n<p>\u00a0<\/p>\n<p>\u00a0<\/p>\n<p>\u00a0<\/p>\n<p>\u00a0<\/p>\n<p>\u00a0<\/p>\n<\/div>\n<\/div><\/div><div id=\"panel-4303-0-0-1\" class=\"so-panel widget widget_sow-editor\" data-index=\"1\" ><div\n\t\t\t\n\t\t\tclass=\"so-widget-sow-editor so-widget-sow-editor-base\"\n\t\t\t\n\t\t>\n<div class=\"siteorigin-widget-tinymce textwidget\">\n\t<h4><strong><a href=\"http:\/\/www.livingmachinesconference.eu\/2018\/wp-content\/uploads\/2018\/09\/Julien-Dupeyroux-1.jpg\"><img loading=\"lazy\" class=\"wp-image-4337 alignright\" src=\"http:\/\/www.livingmachinesconference.eu\/2018\/wp-content\/uploads\/2018\/09\/Julien-Dupeyroux-1-300x200.jpg\" alt=\"\" width=\"400\" height=\"267\" srcset=\"https:\/\/www.livingmachinesconference.eu\/2018\/wp-content\/uploads\/2018\/09\/Julien-Dupeyroux-1-300x200.jpg 300w, https:\/\/www.livingmachinesconference.eu\/2018\/wp-content\/uploads\/2018\/09\/Julien-Dupeyroux-1-768x512.jpg 768w, https:\/\/www.livingmachinesconference.eu\/2018\/wp-content\/uploads\/2018\/09\/Julien-Dupeyroux-1-1024x683.jpg 1024w, https:\/\/www.livingmachinesconference.eu\/2018\/wp-content\/uploads\/2018\/09\/Julien-Dupeyroux-1-272x182.jpg 272w\" sizes=\"(max-width: 400px) 100vw, 400px\" \/><\/a><\/strong><strong>1st best paper: <\/strong>Sponsored by SPRINGER<\/h4>\n<p><strong><span style=\"color: #e0512d;\">AntBot, a hexapod walking robot mimicking navigation strategies of desert ants Cataglyphis.<\/span><\/strong><br \/><strong>Julien Dupeyroux<\/strong>, Julien Serres, St\u00e9phane Viollet.\u00a0 Aix-Marseille Universit\u00e9, AMU, FR<\/p>\n<\/div>\n<\/div><\/div><div id=\"panel-4303-0-0-2\" class=\"so-panel widget widget_sow-editor\" data-index=\"2\" ><div\n\t\t\t\n\t\t\tclass=\"so-widget-sow-editor so-widget-sow-editor-base\"\n\t\t\t\n\t\t>\n<div class=\"siteorigin-widget-tinymce textwidget\">\n\t<h4><strong><a href=\"http:\/\/www.livingmachinesconference.eu\/2018\/wp-content\/uploads\/2018\/09\/Fletcher-Young.jpg\"><img loading=\"lazy\" class=\"wp-image-4341 alignright\" src=\"http:\/\/www.livingmachinesconference.eu\/2018\/wp-content\/uploads\/2018\/09\/Fletcher-Young-300x225.jpg\" alt=\"\" width=\"400\" height=\"300\" srcset=\"https:\/\/www.livingmachinesconference.eu\/2018\/wp-content\/uploads\/2018\/09\/Fletcher-Young-300x225.jpg 300w, https:\/\/www.livingmachinesconference.eu\/2018\/wp-content\/uploads\/2018\/09\/Fletcher-Young-768x576.jpg 768w, https:\/\/www.livingmachinesconference.eu\/2018\/wp-content\/uploads\/2018\/09\/Fletcher-Young-1024x768.jpg 1024w, https:\/\/www.livingmachinesconference.eu\/2018\/wp-content\/uploads\/2018\/09\/Fletcher-Young.jpg 2016w\" sizes=\"(max-width: 400px) 100vw, 400px\" \/><\/a>2nd best paper:<\/strong> Sponsored by SPRINGER<\/h4>\n<p><strong><span style=\"color: #e0512d;\">A Neuromechanical Rat Model with a Complete Set of Hind Limb Muscles.<\/span><\/strong><br \/><strong>Fletcher Young<\/strong>, Alexander Hunt, Roger Quinn. Case Western Reserve University, US<\/p>\n<\/div>\n<\/div><\/div><div id=\"panel-4303-0-0-3\" class=\"so-panel widget widget_sow-editor\" data-index=\"3\" ><div\n\t\t\t\n\t\t\tclass=\"so-widget-sow-editor so-widget-sow-editor-base\"\n\t\t\t\n\t\t>\n<div class=\"siteorigin-widget-tinymce textwidget\">\n\t<h4><strong><a href=\"http:\/\/www.livingmachinesconference.eu\/2018\/wp-content\/uploads\/2018\/09\/Katia-Zolotovsky.png\"><img loading=\"lazy\" class=\"alignright wp-image-4344\" src=\"http:\/\/www.livingmachinesconference.eu\/2018\/wp-content\/uploads\/2018\/09\/Katia-Zolotovsky-300x225.png\" alt=\"\" width=\"400\" height=\"300\" srcset=\"https:\/\/www.livingmachinesconference.eu\/2018\/wp-content\/uploads\/2018\/09\/Katia-Zolotovsky-300x225.png 300w, https:\/\/www.livingmachinesconference.eu\/2018\/wp-content\/uploads\/2018\/09\/Katia-Zolotovsky-768x576.png 768w, https:\/\/www.livingmachinesconference.eu\/2018\/wp-content\/uploads\/2018\/09\/Katia-Zolotovsky.png 800w\" sizes=\"(max-width: 400px) 100vw, 400px\" \/><\/a>3rd best paper:<\/strong> Sponsored by SPRINGER<\/h4>\n<p><strong><span style=\"color: #e0512d;\">Guided Growth of Bacterial Cellulose Biofilms.<\/span><\/strong><br \/><strong>Katia Zolotovsky<\/strong>, Merav Gazit, Christine Ortiz.\u00a0 Weiss Lab MIT, US<\/p>\n<\/div>\n<\/div><\/div><div id=\"panel-4303-0-0-4\" class=\"so-panel widget widget_sow-editor\" data-index=\"4\" ><div\n\t\t\t\n\t\t\tclass=\"so-widget-sow-editor so-widget-sow-editor-base\"\n\t\t\t\n\t\t>\n<div class=\"siteorigin-widget-tinymce textwidget\">\n\t<h4><strong><a href=\"http:\/\/www.livingmachinesconference.eu\/2018\/wp-content\/uploads\/2018\/09\/Rafael-Mestre.jpg\"><img loading=\"lazy\" class=\"wp-image-4345 alignright\" src=\"http:\/\/www.livingmachinesconference.eu\/2018\/wp-content\/uploads\/2018\/09\/Rafael-Mestre-300x225.jpg\" alt=\"\" width=\"400\" height=\"300\" srcset=\"https:\/\/www.livingmachinesconference.eu\/2018\/wp-content\/uploads\/2018\/09\/Rafael-Mestre-300x225.jpg 300w, https:\/\/www.livingmachinesconference.eu\/2018\/wp-content\/uploads\/2018\/09\/Rafael-Mestre-768x576.jpg 768w, https:\/\/www.livingmachinesconference.eu\/2018\/wp-content\/uploads\/2018\/09\/Rafael-Mestre-1024x768.jpg 1024w, https:\/\/www.livingmachinesconference.eu\/2018\/wp-content\/uploads\/2018\/09\/Rafael-Mestre.jpg 2016w\" sizes=\"(max-width: 400px) 100vw, 400px\" \/><\/a>1st best poster:<\/strong> Sponsored by Bioinspiration &amp; Biomimetics<\/h4>\n<p><strong><span style=\"color: #e0512d;\">3D bio-printed muscle-based bio-actuators: force adaptability due to training.<\/span><\/strong><br \/><strong>Rafael Mestre<\/strong>, Tania Pati\u00f1o, Xavier Barcel\u00f3, Samuel S\u00e1nchez<br \/> Institute for Bioengineering of Catalonia, IBEC, ES<\/p>\n<\/div>\n<\/div><\/div><div id=\"panel-4303-0-0-5\" class=\"so-panel widget widget_sow-editor\" data-index=\"5\" ><div\n\t\t\t\n\t\t\tclass=\"so-widget-sow-editor so-widget-sow-editor-base\"\n\t\t\t\n\t\t>\n<div class=\"siteorigin-widget-tinymce textwidget\">\n\t<h4><strong><a href=\"http:\/\/www.livingmachinesconference.eu\/2018\/wp-content\/uploads\/2018\/09\/Anna-Stadler.jpg\"><img loading=\"lazy\" class=\"wp-image-4347 alignright\" src=\"http:\/\/www.livingmachinesconference.eu\/2018\/wp-content\/uploads\/2018\/09\/Anna-Stadler-300x225.jpg\" alt=\"\" width=\"400\" height=\"300\" srcset=\"https:\/\/www.livingmachinesconference.eu\/2018\/wp-content\/uploads\/2018\/09\/Anna-Stadler-300x225.jpg 300w, https:\/\/www.livingmachinesconference.eu\/2018\/wp-content\/uploads\/2018\/09\/Anna-Stadler-768x576.jpg 768w, https:\/\/www.livingmachinesconference.eu\/2018\/wp-content\/uploads\/2018\/09\/Anna-Stadler-1024x768.jpg 1024w, https:\/\/www.livingmachinesconference.eu\/2018\/wp-content\/uploads\/2018\/09\/Anna-Stadler.jpg 2016w\" sizes=\"(max-width: 400px) 100vw, 400px\" \/><\/a>2nd best poster:\u00a0<\/strong> Sponsored by Bioinspiration &amp; Biomimetics<\/h4>\n<p><strong><span style=\"color: #e0512d;\">How the Sandfish Lizard Filters Particles and What We May Learn from it.<\/span><\/strong><br \/><strong>Anna Theresia Stadler<\/strong>, Michael Krieger, Werner Baumgartner.\u00a0 Johannes Kepler Universit\u00e4t Linz, Austria<\/p>\n<\/div>\n<\/div><\/div><div id=\"panel-4303-0-0-6\" class=\"so-panel widget widget_sow-editor panel-last-child\" data-index=\"6\" ><div\n\t\t\t\n\t\t\tclass=\"so-widget-sow-editor so-widget-sow-editor-base\"\n\t\t\t\n\t\t>\n<div class=\"siteorigin-widget-tinymce textwidget\">\n\t<h4><strong><a href=\"http:\/\/www.livingmachinesconference.eu\/2018\/wp-content\/uploads\/2018\/09\/Valentine-Riviere.jpg\"><img loading=\"lazy\" class=\"wp-image-4349 alignright\" src=\"http:\/\/www.livingmachinesconference.eu\/2018\/wp-content\/uploads\/2018\/09\/Valentine-Riviere-300x225.jpg\" alt=\"\" width=\"400\" height=\"300\" srcset=\"https:\/\/www.livingmachinesconference.eu\/2018\/wp-content\/uploads\/2018\/09\/Valentine-Riviere-300x225.jpg 300w, https:\/\/www.livingmachinesconference.eu\/2018\/wp-content\/uploads\/2018\/09\/Valentine-Riviere-768x576.jpg 768w, https:\/\/www.livingmachinesconference.eu\/2018\/wp-content\/uploads\/2018\/09\/Valentine-Riviere-1024x768.jpg 1024w, https:\/\/www.livingmachinesconference.eu\/2018\/wp-content\/uploads\/2018\/09\/Valentine-Riviere.jpg 2016w\" sizes=\"(max-width: 400px) 100vw, 400px\" \/><\/a>3rd best poster:<\/strong> Sponsored by Biomimetics<\/h4>\n<p><strong><span style=\"color: #e0512d;\">Quad-Morphing: Towards a new bio-inspired autonomous platform for obstacle avoidance at high speed.<\/span><\/strong><br \/><strong>Valentin Riviere<\/strong>, Augustin Manecy, St\u00e9phane Viollet.\u00a0 CNRS facult\u00e9 des Sciences du Sport, Marseille, FR<\/p>\n<\/div>\n<\/div><\/div><\/div><\/div><\/div>","protected":false},"excerpt":{"rendered":"<p>LM2018 Awards Winners for best Talk and best Poster\u00a0Sponsored by\u00a0\u00a0 \u00a0\u00a0\u00a0\u00a0\u00a0\u00a0\u00a0\u00a0 1st best paper: Sponsored by SPRINGERAntBot, a hexapod walking robot mimicking navigation strategies of desert ants Cataglyphis.Julien Dupeyroux, Julien Serres, St\u00e9phane Viollet.\u00a0 Aix-Marseille Universit\u00e9, AMU, FR 2nd best paper: Sponsored by SPRINGERA Neuromechanical Rat Model with a Complete Set of Hind Limb Muscles.Fletcher Young,&#8230;<\/p>\n","protected":false},"author":2,"featured_media":0,"parent":0,"menu_order":0,"comment_status":"closed","ping_status":"closed","template":"","meta":{"_monsterinsights_skip_tracking":false,"_monsterinsights_sitenote_active":false,"_monsterinsights_sitenote_note":"","_monsterinsights_sitenote_category":0},"_links":{"self":[{"href":"https:\/\/www.livingmachinesconference.eu\/2018\/wp-json\/wp\/v2\/pages\/4303"}],"collection":[{"href":"https:\/\/www.livingmachinesconference.eu\/2018\/wp-json\/wp\/v2\/pages"}],"about":[{"href":"https:\/\/www.livingmachinesconference.eu\/2018\/wp-json\/wp\/v2\/types\/page"}],"author":[{"embeddable":true,"href":"https:\/\/www.livingmachinesconference.eu\/2018\/wp-json\/wp\/v2\/users\/2"}],"replies":[{"embeddable":true,"href":"https:\/\/www.livingmachinesconference.eu\/2018\/wp-json\/wp\/v2\/comments?post=4303"}],"version-history":[{"count":62,"href":"https:\/\/www.livingmachinesconference.eu\/2018\/wp-json\/wp\/v2\/pages\/4303\/revisions"}],"predecessor-version":[{"id":4376,"href":"https:\/\/www.livingmachinesconference.eu\/2018\/wp-json\/wp\/v2\/pages\/4303\/revisions\/4376"}],"wp:attachment":[{"href":"https:\/\/www.livingmachinesconference.eu\/2018\/wp-json\/wp\/v2\/media?parent=4303"}],"curies":[{"name":"wp","href":"https:\/\/api.w.org\/{rel}","templated":true}]}}